{"id":49609,"date":"2026-01-21T15:10:44","date_gmt":"2026-01-21T15:10:44","guid":{"rendered":"https:\/\/www.magmood.shop\/?post_type=product&#038;p=49609"},"modified":"2026-02-19T13:11:49","modified_gmt":"2026-02-19T13:11:49","slug":"kurama-denim-bomber","status":"publish","type":"product","link":"https:\/\/www.magmood.shop\/ru\/urun\/kurama-denim-bomber\/","title":{"rendered":"KURAMA Denim Bomber"},"content":{"rendered":"<p><strong data-start=\"274\" data-end=\"290\"><span dir=\"auto\" style=\"vertical-align: inherit;\"><span dir=\"auto\" style=\"vertical-align: inherit;\">Denim Kurama,<\/span><\/span><\/strong><span dir=\"auto\" style=\"vertical-align: inherit;\"><span dir=\"auto\" style=\"vertical-align: inherit;\"> \u0412\u0434\u043e\u0445\u043d\u043e\u0432\u0435\u043d\u0438\u0435 \u0447\u0435\u0440\u043f\u0430\u0435\u0442\u0441\u044f \u0438\u0437 \u043f\u0435\u0440\u0432\u043e\u0437\u0434\u0430\u043d\u043d\u043e\u0439 \u0441\u0438\u043b\u044b, \u0432\u043d\u0443\u0442\u0440\u0435\u043d\u043d\u0435\u0433\u043e \u0440\u0430\u0432\u043d\u043e\u0432\u0435\u0441\u0438\u044f \u0438 \u043d\u0435\u043e\u0431\u0443\u0437\u0434\u0430\u043d\u043d\u043e\u0433\u043e \u0434\u0443\u0445\u0430. <\/span><\/span><br data-start=\"351\" data-end=\"354\" \/><span dir=\"auto\" style=\"vertical-align: inherit;\"><span dir=\"auto\" style=\"vertical-align: inherit;\">\u042d\u0442\u0430 \u0432\u0435\u0449\u044c, \u0438\u0437\u0433\u043e\u0442\u043e\u0432\u043b\u0435\u043d\u043d\u0430\u044f \u0438\u0437 \u0432\u044b\u0441\u043e\u043a\u043e\u043a\u0430\u0447\u0435\u0441\u0442\u0432\u0435\u043d\u043d\u043e\u0439 \u0434\u0436\u0438\u043d\u0441\u043e\u0432\u043e\u0439 \u0442\u043a\u0430\u043d\u0438, \u0441\u043e\u0447\u0435\u0442\u0430\u0435\u0442 \u0432 \u0441\u0435\u0431\u0435 \u0443\u043b\u0438\u0447\u043d\u044b\u0439 \u0441\u0442\u0438\u043b\u044c \u0438 \u0441\u043c\u0435\u043b\u044b\u0439, \u0431\u0435\u0441\u0441\u0442\u0440\u0430\u0448\u043d\u044b\u0439 \u0445\u0430\u0440\u0430\u043a\u0442\u0435\u0440.<\/span><\/span><\/p>","protected":false},"excerpt":{"rendered":"<p>Denim Kurama, ham g\u00fc\u00e7ten, i\u00e7 dengeden ve dizginlenmemi\u015f ruhtan ilham al\u0131yor. Birinci s\u0131n\u0131f denim kuma\u015ftan \u00fcretilen bu par\u00e7a, sokak stilini cesur ve korkusuz bir tav\u0131rla birle\u015ftiriyor.<\/p>","protected":false},"featured_media":49611,"comment_status":"open","ping_status":"closed","template":"","meta":{"_monsterinsights_skip_tracking":false,"_monsterinsights_sitenote_active":false,"_monsterinsights_sitenote_note":"","_monsterinsights_sitenote_category":0},"product_brand":[],"product_cat":[266],"product_tag":[],"class_list":{"0":"post-49609","1":"product","2":"type-product","3":"status-publish","4":"has-post-thumbnail","6":"product_cat-kurama","7":"pa_size-2xl","8":"pa_size-3xl","9":"pa_size-4xl","10":"pa_size-l","11":"pa_size-m","12":"pa_size-s","13":"pa_size-xl","15":"first","16":"instock","17":"shipping-taxable","18":"purchasable","19":"product-type-variable"},"aioseo_notices":[],"_links":{"self":[{"href":"https:\/\/www.magmood.shop\/ru\/wp-json\/wp\/v2\/product\/49609","targetHints":{"allow":["GET"]}}],"collection":[{"href":"https:\/\/www.magmood.shop\/ru\/wp-json\/wp\/v2\/product"}],"about":[{"href":"https:\/\/www.magmood.shop\/ru\/wp-json\/wp\/v2\/types\/product"}],"replies":[{"embeddable":true,"href":"https:\/\/www.magmood.shop\/ru\/wp-json\/wp\/v2\/comments?post=49609"}],"wp:featuredmedia":[{"embeddable":true,"href":"https:\/\/www.magmood.shop\/ru\/wp-json\/wp\/v2\/media\/49611"}],"wp:attachment":[{"href":"https:\/\/www.magmood.shop\/ru\/wp-json\/wp\/v2\/media?parent=49609"}],"wp:term":[{"taxonomy":"product_brand","embeddable":true,"href":"https:\/\/www.magmood.shop\/ru\/wp-json\/wp\/v2\/product_brand?post=49609"},{"taxonomy":"product_cat","embeddable":true,"href":"https:\/\/www.magmood.shop\/ru\/wp-json\/wp\/v2\/product_cat?post=49609"},{"taxonomy":"product_tag","embeddable":true,"href":"https:\/\/www.magmood.shop\/ru\/wp-json\/wp\/v2\/product_tag?post=49609"}],"curies":[{"name":"wp","href":"https:\/\/api.w.org\/{rel}","templated":true}]}}