{"id":5093,"date":"2022-11-04T15:36:36","date_gmt":"2022-11-04T08:36:36","guid":{"rendered":"http:\/\/www.magmood.shop\/?page_id=5093"},"modified":"2026-03-13T02:40:31","modified_gmt":"2026-03-13T02:40:31","slug":"about-us","status":"publish","type":"page","link":"https:\/\/www.magmood.shop\/tr\/about-us\/","title":{"rendered":"Hakk\u0131m\u0131zda"},"content":{"rendered":"<div data-elementor-type=\"wp-page\" data-elementor-id=\"5093\" class=\"elementor elementor-5093\" data-elementor-post-type=\"page\">\n\t\t\t\t<div class=\"elementor-element elementor-element-84d6d60 e-flex e-con-boxed e-con e-parent\" data-id=\"84d6d60\" data-element_type=\"container\" data-e-type=\"container\">\n\t\t\t\t\t<div class=\"e-con-inner\">\n\t\t<div class=\"elementor-element elementor-element-df5da85 e-con-full e-flex e-con e-child\" data-id=\"df5da85\" data-element_type=\"container\" data-e-type=\"container\">\n\t\t\t\t<div class=\"elementor-element elementor-element-ecedf92 elementor-widget elementor-widget-image\" data-id=\"ecedf92\" data-element_type=\"widget\" data-e-type=\"widget\" data-widget_type=\"image.default\">\n\t\t\t\t\t\t\t\t\t\t\t\t\t\t\t<img fetchpriority=\"high\" decoding=\"async\" width=\"1707\" height=\"2560\" src=\"https:\/\/www.magmood.shop\/wp-content\/uploads\/2026\/01\/DSC08820-copy-scaled.jpg\" class=\"elementor-animation-grow attachment-full size-full wp-image-49812\" alt=\"\" \/>\t\t\t\t\t\t\t\t\t\t\t\t\t\t\t<\/div>\n\t\t\t\t<\/div>\n\t\t<div class=\"elementor-element elementor-element-bbeab9c e-con-full e-flex e-con e-child\" data-id=\"bbeab9c\" data-element_type=\"container\" data-e-type=\"container\">\n\t\t\t\t<div class=\"elementor-element elementor-element-9c03b00 elementor-widget-mobile__width-inherit elementor-widget elementor-widget-heading\" data-id=\"9c03b00\" data-element_type=\"widget\" data-e-type=\"widget\" data-widget_type=\"heading.default\">\n\t\t\t\t\t<h2 class=\"elementor-heading-title elementor-size-default\"><strong>MAGMOOD.<\/strong>.<\/h2>\t\t\t\t<\/div>\n\t\t\t\t<div class=\"elementor-element elementor-element-9ef3237 elementor-widget elementor-widget-spacer\" data-id=\"9ef3237\" data-element_type=\"widget\" data-e-type=\"widget\" data-widget_type=\"spacer.default\">\n\t\t\t\t\t\t\t<div class=\"elementor-spacer\">\n\t\t\t<div class=\"elementor-spacer-inner\"><\/div>\n\t\t<\/div>\n\t\t\t\t\t\t<\/div>\n\t\t\t\t<div class=\"elementor-element elementor-element-f9a1bb9 elementor-widget-tablet__width-initial elementor-widget elementor-widget-text-editor\" data-id=\"f9a1bb9\" data-element_type=\"widget\" data-e-type=\"widget\" data-widget_type=\"text-editor.default\">\n\t\t\t\t\t\t\t\t\t<p class=\"translation-block\">\u0130lk bak\u0131\u015fta s\u0131radan bir marka gibi g\u00f6r\u00fcnebilir.\n<br>Ama de\u011fil.<br>\n<strong>MAGMOOD<\/strong>\u2019un temel konsepti ruh h\u00e2li vermektir.\n<br>\u0130smi iki durumu birle\u015ftirir:<\/p><p class=\"translation-block\"><strong>MAG <\/strong> \u2014  b\u00fcy\u00fc, \u00e7ekim g\u00fcc\u00fc, kuvvet<br><strong>MOOD<\/strong> \u2014 ruh h\u00e2li, durum, duygu.<\/p><p class=\"translation-block\"><strong>MAGMOOD<\/strong> enerjinin hissedildi\u011fi and\u0131r.\nStilin senin i\u00e7in \u00e7al\u0131\u015ft\u0131\u011f\u0131 an.\nRuh h\u00e2linin g\u00f6r\u00fcn\u00fcm\u00fcn\u00fcn bir par\u00e7as\u0131 oldu\u011fu an.<\/p>\t\t\t\t\t\t\t\t<\/div>\n\t\t\t\t<div class=\"elementor-element elementor-element-af558f8 elementor-widget elementor-widget-spacer\" data-id=\"af558f8\" data-element_type=\"widget\" data-e-type=\"widget\" data-widget_type=\"spacer.default\">\n\t\t\t\t\t\t\t<div class=\"elementor-spacer\">\n\t\t\t<div class=\"elementor-spacer-inner\"><\/div>\n\t\t<\/div>\n\t\t\t\t\t\t<\/div>\n\t\t\t\t<div class=\"elementor-element elementor-element-521b7bc elementor-widget elementor-widget-spacer\" data-id=\"521b7bc\" data-element_type=\"widget\" data-e-type=\"widget\" data-widget_type=\"spacer.default\">\n\t\t\t\t\t\t\t<div class=\"elementor-spacer\">\n\t\t\t<div class=\"elementor-spacer-inner\"><\/div>\n\t\t<\/div>\n\t\t\t\t\t\t<\/div>\n\t\t\t\t<div class=\"elementor-element elementor-element-2e2366c elementor-widget elementor-widget-spacer\" data-id=\"2e2366c\" data-element_type=\"widget\" data-e-type=\"widget\" data-widget_type=\"spacer.default\">\n\t\t\t\t\t\t\t<div class=\"elementor-spacer\">\n\t\t\t<div class=\"elementor-spacer-inner\"><\/div>\n\t\t<\/div>\n\t\t\t\t\t\t<\/div>\n\t\t\t\t<\/div>\n\t\t\t\t\t<\/div>\n\t\t\t\t<\/div>\n\t\t<div class=\"elementor-element elementor-element-3ec7cfa e-flex e-con-boxed e-con e-parent\" data-id=\"3ec7cfa\" data-element_type=\"container\" data-e-type=\"container\">\n\t\t\t\t\t<div class=\"e-con-inner\">\n\t\t<div class=\"elementor-element elementor-element-7f3188c e-con-full e-flex e-con e-child\" data-id=\"7f3188c\" data-element_type=\"container\" data-e-type=\"container\">\n\t\t\t\t<div class=\"elementor-element elementor-element-37a23d8 elementor-widget elementor-widget-heading\" data-id=\"37a23d8\" data-element_type=\"widget\" data-e-type=\"widget\" data-widget_type=\"heading.default\">\n\t\t\t\t\t<h2 class=\"elementor-heading-title elementor-size-default\">Felsefemiz<\/h2>\t\t\t\t<\/div>\n\t\t\t\t<div class=\"elementor-element elementor-element-c351700 elementor-widget-tablet__width-initial elementor-widget elementor-widget-text-editor\" data-id=\"c351700\" data-element_type=\"widget\" data-e-type=\"widget\" data-widget_type=\"text-editor.default\">\n\t\t\t\t\t\t\t\t\t<p class=\"translation-block\">Tamamen yeni bir \u015fey yaratman\u0131n zor oldu\u011funu biliyoruz \u2014 modada neredeyse her \u015fey denendi.\n<br>Ama kendi bak\u0131\u015f a\u00e7\u0131n\u0131, kendi stilini ve karakterini ortaya koymak her zaman m\u00fcmk\u00fcn.\n<br>Ba\u015fkalar\u0131nda olmayan par\u00e7alar tasarl\u0131yoruz.\n\u0130nsana \u201cben farkl\u0131y\u0131m\u201d hissini veren bir stil \u00fcretiyoruz.\n<br>Koleksiyonlar\u0131m\u0131z\u0131n renk paleti bilin\u00e7li olarak birbiriyle uyumlu tasarlan\u0131r.\n<br>Par\u00e7alar kolayca kombinlenir ve b\u00fct\u00fcnl\u00fckl\u00fc bir g\u00f6r\u00fcn\u00fcm olu\u015fturur.<\/p><p class=\"translation-block\"><strong>MAGMOOD<\/strong> \u2019un \u00f6z\u00fc \u015fu:\n<br>K\u0131yafet, oda\u011f\u0131 en \u00f6nemli yere ta\u015f\u0131r \u2014\n<strong>ki\u015fili\u011fe.<\/strong>\n<br>Karakteri vurgular.\nG\u00fcc\u00fc art\u0131r\u0131r.<\/p>\t\t\t\t\t\t\t\t<\/div>\n\t\t\t\t<\/div>\n\t\t<div class=\"elementor-element elementor-element-2e99104 e-con-full e-flex e-con e-child\" data-id=\"2e99104\" data-element_type=\"container\" data-e-type=\"container\">\n\t\t\t\t<div class=\"elementor-element elementor-element-98468f0 elementor-widget elementor-widget-heading\" data-id=\"98468f0\" data-element_type=\"widget\" data-e-type=\"widget\" data-widget_type=\"heading.default\">\n\t\t\t\t\t<h2 class=\"elementor-heading-title elementor-size-default\">Kimin i\u00e7in?\n<\/h2>\t\t\t\t<\/div>\n\t\t\t\t<div class=\"elementor-element elementor-element-dbbf7fb elementor-widget-tablet__width-initial elementor-widget elementor-widget-text-editor\" data-id=\"dbbf7fb\" data-element_type=\"widget\" data-e-type=\"widget\" data-widget_type=\"text-editor.default\">\n\t\t\t\t\t\t\t\t\t<p class=\"translation-block\">K\u00fc\u00e7\u00fckten b\u00fcy\u00fc\u011fe herkes i\u00e7in.\n<br>Gen\u00e7lerden hayat\u0131 deneyimlemi\u015f olanlara kadar.\n<br>Kendisi olmaktan korkmayanlar i\u00e7in.\n<br>Ruh h\u00e2lini stil \u00fczerinden ifade edenler i\u00e7in.\n<br>Sadece bir par\u00e7a giyerek parlamak isteyenler i\u00e7in.<\/p>\t\t\t\t\t\t\t\t<\/div>\n\t\t\t\t<\/div>\n\t\t<div class=\"elementor-element elementor-element-ea6c629 e-con-full e-flex e-con e-child\" data-id=\"ea6c629\" data-element_type=\"container\" data-e-type=\"container\">\n\t\t\t\t<div class=\"elementor-element elementor-element-c268742 elementor-widget elementor-widget-heading\" data-id=\"c268742\" data-element_type=\"widget\" data-e-type=\"widget\" data-widget_type=\"heading.default\">\n\t\t\t\t\t<h2 class=\"elementor-heading-title elementor-size-default\">S\u00f6z\u00fcm\u00fcz<\/h2>\t\t\t\t<\/div>\n\t\t\t\t<div class=\"elementor-element elementor-element-90f5ed8 elementor-widget-tablet__width-initial elementor-widget elementor-widget-text-editor\" data-id=\"90f5ed8\" data-element_type=\"widget\" data-e-type=\"widget\" data-widget_type=\"text-editor.default\">\n\t\t\t\t\t\t\t\t\t<p class=\"translation-block\">Hissettirdi\u011fi enerjiyle farkl\u0131 olan tasar\u0131mlar \u00fcretmeye devam edece\u011fiz.\n<br>\u0130lk bak\u0131\u015fta duygu uyand\u0131ran,\n<br>giyildi\u011finde \u00f6zg\u00fcveni art\u0131ran par\u00e7alar.\n<br><strong>MAGMOOD<\/strong> \u2014 kendin ol, b\u00fcy\u00fcl\u00fc ruh h\u00e2linle.<\/p>\t\t\t\t\t\t\t\t<\/div>\n\t\t\t\t<\/div>\n\t\t\t\t\t<\/div>\n\t\t\t\t<\/div>\n\t\t<div class=\"elementor-element elementor-element-598b891 e-flex e-con-boxed e-con e-parent\" data-id=\"598b891\" data-element_type=\"container\" data-e-type=\"container\" data-settings=\"{&quot;background_background&quot;:&quot;classic&quot;}\">\n\t\t\t\t\t<div class=\"e-con-inner\">\n\t\t\t\t<div class=\"elementor-element elementor-element-3a475c8 elementor-widget elementor-widget-heading\" data-id=\"3a475c8\" data-element_type=\"widget\" data-e-type=\"widget\" data-widget_type=\"heading.default\">\n\t\t\t\t\t<h2 class=\"elementor-heading-title elementor-size-default\">Bu sadece k\u0131yafetten ibaret de\u011fil. Bu bir ruh hali.<\/h2>\t\t\t\t<\/div>\n\t\t\t\t<div class=\"elementor-element elementor-element-05355b0 elementor-widget elementor-widget-spacer\" data-id=\"05355b0\" data-element_type=\"widget\" data-e-type=\"widget\" data-widget_type=\"spacer.default\">\n\t\t\t\t\t\t\t<div class=\"elementor-spacer\">\n\t\t\t<div class=\"elementor-spacer-inner\"><\/div>\n\t\t<\/div>\n\t\t\t\t\t\t<\/div>\n\t\t\t\t<div class=\"elementor-element elementor-element-6ea8c8a elementor-widget__width-initial elementor-widget elementor-widget-text-editor\" data-id=\"6ea8c8a\" data-element_type=\"widget\" data-e-type=\"widget\" data-widget_type=\"text-editor.default\">\n\t\t\t\t\t\t\t\t\t<p>Minimalist tasar\u0131m, etkileyici stil ve elinizde hissedebilece\u011finiz kalite.<\/p>\t\t\t\t\t\t\t\t<\/div>\n\t\t\t\t<div class=\"elementor-element elementor-element-bf27731 elementor-widget elementor-widget-spacer\" data-id=\"bf27731\" data-element_type=\"widget\" data-e-type=\"widget\" data-widget_type=\"spacer.default\">\n\t\t\t\t\t\t\t<div class=\"elementor-spacer\">\n\t\t\t<div class=\"elementor-spacer-inner\"><\/div>\n\t\t<\/div>\n\t\t\t\t\t\t<\/div>\n\t\t\t\t<div class=\"elementor-element elementor-element-b216a36 elementor-align-center elementor-widget elementor-widget-button\" data-id=\"b216a36\" data-element_type=\"widget\" data-e-type=\"widget\" data-widget_type=\"button.default\">\n\t\t\t\t\t\t\t\t\t\t<a class=\"elementor-button elementor-button-link elementor-size-sm\" href=\"http:\/\/www.magmood.shop\/tr\/shop\/\">\n\t\t\t\t\t\t<span class=\"elementor-button-content-wrapper\">\n\t\t\t\t\t\t\t\t\t<span class=\"elementor-button-text\">Koleksiyonu ke\u015ffedin<\/span>\n\t\t\t\t\t<\/span>\n\t\t\t\t\t<\/a>\n\t\t\t\t\t\t\t\t<\/div>\n\t\t\t\t\t<\/div>\n\t\t\t\t<\/div>\n\t\t\t\t<\/div>","protected":false},"excerpt":{"rendered":"<p>MAGMOOD. At first glance, it may seem like just another brand.But it\u2019s not.The core concept of MAGMOOD is to deliver a mood.The name combines two states: MAG \u2014 magic, attraction, power.MOOD \u2014 mood, state, emotion. MAGMOOD is when your energy is felt.When style works for you.When your mood becomes part of your look. Our Philosophy\u200b [&hellip;]<\/p>\n","protected":false},"author":1,"featured_media":0,"parent":0,"menu_order":0,"comment_status":"closed","ping_status":"closed","template":"","meta":{"_monsterinsights_skip_tracking":false,"_monsterinsights_sitenote_active":false,"_monsterinsights_sitenote_note":"","_monsterinsights_sitenote_category":0,"footnotes":""},"class_list":["post-5093","page","type-page","status-publish","hentry"],"aioseo_notices":[],"_links":{"self":[{"href":"https:\/\/www.magmood.shop\/tr\/wp-json\/wp\/v2\/pages\/5093","targetHints":{"allow":["GET"]}}],"collection":[{"href":"https:\/\/www.magmood.shop\/tr\/wp-json\/wp\/v2\/pages"}],"about":[{"href":"https:\/\/www.magmood.shop\/tr\/wp-json\/wp\/v2\/types\/page"}],"author":[{"embeddable":true,"href":"https:\/\/www.magmood.shop\/tr\/wp-json\/wp\/v2\/users\/1"}],"replies":[{"embeddable":true,"href":"https:\/\/www.magmood.shop\/tr\/wp-json\/wp\/v2\/comments?post=5093"}],"version-history":[{"count":13,"href":"https:\/\/www.magmood.shop\/tr\/wp-json\/wp\/v2\/pages\/5093\/revisions"}],"predecessor-version":[{"id":50020,"href":"https:\/\/www.magmood.shop\/tr\/wp-json\/wp\/v2\/pages\/5093\/revisions\/50020"}],"wp:attachment":[{"href":"https:\/\/www.magmood.shop\/tr\/wp-json\/wp\/v2\/media?parent=5093"}],"curies":[{"name":"wp","href":"https:\/\/api.w.org\/{rel}","templated":true}]}}