{"id":49609,"date":"2026-01-21T15:10:44","date_gmt":"2026-01-21T15:10:44","guid":{"rendered":"https:\/\/www.magmood.shop\/?post_type=product&#038;p=49609"},"modified":"2026-02-19T13:11:49","modified_gmt":"2026-02-19T13:11:49","slug":"kurama-denim-bomber","status":"publish","type":"product","link":"https:\/\/www.magmood.shop\/tr\/urun\/kurama-denim-bomber\/","title":{"rendered":"KURAMA Denim Bomber"},"content":{"rendered":"<p><strong data-start=\"274\" data-end=\"290\"><span dir=\"auto\" style=\"vertical-align: inherit;\"><span dir=\"auto\" style=\"vertical-align: inherit;\">Denim Kurama,<\/span><\/span><\/strong><span dir=\"auto\" style=\"vertical-align: inherit;\"><span dir=\"auto\" style=\"vertical-align: inherit;\"> ham g\u00fc\u00e7ten, i\u00e7 dengeden ve dizginlenmemi\u015f ruhtan ilham al\u0131yor. <\/span><\/span><br data-start=\"351\" data-end=\"354\" \/><span dir=\"auto\" style=\"vertical-align: inherit;\"><span dir=\"auto\" style=\"vertical-align: inherit;\">\u00dcst\u00fcn kaliteli denimden \u00fcretilen bu par\u00e7a, sokak stilini cesur ve korkusuz bir ruhla birle\u015ftiriyor.<\/span><\/span><\/p>","protected":false},"excerpt":{"rendered":"<p>Denim Kurama, ham g\u00fc\u00e7ten, i\u00e7 dengeden ve dizginlenmemi\u015f ruhtan ilham al\u0131yor. Birinci s\u0131n\u0131f denim kuma\u015ftan \u00fcretilen bu par\u00e7a, sokak stilini cesur ve korkusuz bir tav\u0131rla birle\u015ftiriyor.<\/p>","protected":false},"featured_media":49611,"comment_status":"open","ping_status":"closed","template":"","meta":{"_monsterinsights_skip_tracking":false,"_monsterinsights_sitenote_active":false,"_monsterinsights_sitenote_note":"","_monsterinsights_sitenote_category":0},"product_brand":[],"product_cat":[266],"product_tag":[],"class_list":{"0":"post-49609","1":"product","2":"type-product","3":"status-publish","4":"has-post-thumbnail","6":"product_cat-kurama","7":"pa_size-2xl","8":"pa_size-3xl","9":"pa_size-4xl","10":"pa_size-l","11":"pa_size-m","12":"pa_size-s","13":"pa_size-xl","15":"first","16":"instock","17":"shipping-taxable","18":"purchasable","19":"product-type-variable"},"aioseo_notices":[],"_links":{"self":[{"href":"https:\/\/www.magmood.shop\/tr\/wp-json\/wp\/v2\/product\/49609","targetHints":{"allow":["GET"]}}],"collection":[{"href":"https:\/\/www.magmood.shop\/tr\/wp-json\/wp\/v2\/product"}],"about":[{"href":"https:\/\/www.magmood.shop\/tr\/wp-json\/wp\/v2\/types\/product"}],"replies":[{"embeddable":true,"href":"https:\/\/www.magmood.shop\/tr\/wp-json\/wp\/v2\/comments?post=49609"}],"wp:featuredmedia":[{"embeddable":true,"href":"https:\/\/www.magmood.shop\/tr\/wp-json\/wp\/v2\/media\/49611"}],"wp:attachment":[{"href":"https:\/\/www.magmood.shop\/tr\/wp-json\/wp\/v2\/media?parent=49609"}],"wp:term":[{"taxonomy":"product_brand","embeddable":true,"href":"https:\/\/www.magmood.shop\/tr\/wp-json\/wp\/v2\/product_brand?post=49609"},{"taxonomy":"product_cat","embeddable":true,"href":"https:\/\/www.magmood.shop\/tr\/wp-json\/wp\/v2\/product_cat?post=49609"},{"taxonomy":"product_tag","embeddable":true,"href":"https:\/\/www.magmood.shop\/tr\/wp-json\/wp\/v2\/product_tag?post=49609"}],"curies":[{"name":"wp","href":"https:\/\/api.w.org\/{rel}","templated":true}]}}