{"id":49636,"date":"2026-01-21T15:36:54","date_gmt":"2026-01-21T15:36:54","guid":{"rendered":"https:\/\/www.magmood.shop\/?post_type=product&#038;p=49636"},"modified":"2026-02-19T13:17:12","modified_gmt":"2026-02-19T13:17:12","slug":"sage-mode-pant","status":"publish","type":"product","link":"https:\/\/www.magmood.shop\/tr\/urun\/sage-mode-pant\/","title":{"rendered":"SAGE MODE Pant"},"content":{"rendered":"<p><strong data-start=\"270\" data-end=\"291\">Denim 6 Path Sage<\/strong> \u00dcst\u00fcn ustal\u0131\u011f\u0131, bilgeli\u011fi ve mutlak dengeyi simgeler.<br data-start=\"350\" data-end=\"353\" \/>En \u00fcst d\u00fczeyde fark\u0131ndal\u0131k ve kontrol elde etmi\u015f ki\u015filer i\u00e7in yarat\u0131lan bu eser, a\u015f\u0131r\u0131ya ka\u00e7madan sessiz bir g\u00fc\u00e7 ve otoriteyi yans\u0131t\u0131yor.<\/p>","protected":false},"excerpt":{"rendered":"<p><strong data-start=\"270\" data-end=\"291\">Denim 6 Path Sage<\/strong> \u00dcst\u00fcn ustal\u0131\u011f\u0131, bilgeli\u011fi ve mutlak dengeyi simgeler.<br data-start=\"350\" data-end=\"353\" \/>En \u00fcst d\u00fczeyde fark\u0131ndal\u0131k ve kontrol elde etmi\u015f ki\u015filer i\u00e7in yarat\u0131lan bu eser, a\u015f\u0131r\u0131ya ka\u00e7madan sessiz bir g\u00fc\u00e7 ve otoriteyi yans\u0131t\u0131yor.<\/p>","protected":false},"featured_media":49644,"comment_status":"open","ping_status":"closed","template":"","meta":{"_monsterinsights_skip_tracking":false,"_monsterinsights_sitenote_active":false,"_monsterinsights_sitenote_note":"","_monsterinsights_sitenote_category":0},"product_brand":[],"product_cat":[270],"product_tag":[],"class_list":{"0":"post-49636","1":"product","2":"type-product","3":"status-publish","4":"has-post-thumbnail","6":"product_cat-sage-mode","7":"pa_size-2xl","8":"pa_size-3xl","9":"pa_size-4xl","10":"pa_size-l","11":"pa_size-m","12":"pa_size-s","13":"pa_size-xl","15":"first","16":"instock","17":"shipping-taxable","18":"purchasable","19":"product-type-variable"},"aioseo_notices":[],"_links":{"self":[{"href":"https:\/\/www.magmood.shop\/tr\/wp-json\/wp\/v2\/product\/49636","targetHints":{"allow":["GET"]}}],"collection":[{"href":"https:\/\/www.magmood.shop\/tr\/wp-json\/wp\/v2\/product"}],"about":[{"href":"https:\/\/www.magmood.shop\/tr\/wp-json\/wp\/v2\/types\/product"}],"replies":[{"embeddable":true,"href":"https:\/\/www.magmood.shop\/tr\/wp-json\/wp\/v2\/comments?post=49636"}],"wp:featuredmedia":[{"embeddable":true,"href":"https:\/\/www.magmood.shop\/tr\/wp-json\/wp\/v2\/media\/49644"}],"wp:attachment":[{"href":"https:\/\/www.magmood.shop\/tr\/wp-json\/wp\/v2\/media?parent=49636"}],"wp:term":[{"taxonomy":"product_brand","embeddable":true,"href":"https:\/\/www.magmood.shop\/tr\/wp-json\/wp\/v2\/product_brand?post=49636"},{"taxonomy":"product_cat","embeddable":true,"href":"https:\/\/www.magmood.shop\/tr\/wp-json\/wp\/v2\/product_cat?post=49636"},{"taxonomy":"product_tag","embeddable":true,"href":"https:\/\/www.magmood.shop\/tr\/wp-json\/wp\/v2\/product_tag?post=49636"}],"curies":[{"name":"wp","href":"https:\/\/api.w.org\/{rel}","templated":true}]}}