{"id":49655,"date":"2026-01-21T15:52:06","date_gmt":"2026-01-21T15:52:06","guid":{"rendered":"https:\/\/www.magmood.shop\/?post_type=product&#038;p=49655"},"modified":"2026-02-19T13:07:48","modified_gmt":"2026-02-19T13:07:48","slug":"kimono-sage-mode","status":"publish","type":"product","link":"https:\/\/www.magmood.shop\/tr\/urun\/kimono-sage-mode\/","title":{"rendered":"SAGE MODE Kimono"},"content":{"rendered":"<p><strong data-start=\"215\" data-end=\"234\">Denim Sage Mode<\/strong> Y\u00fcksek fark\u0131ndal\u0131\u011f\u0131, i\u00e7sel uyumu ve do\u011fal g\u00fcc\u00fc temsil eder.<br data-start=\"301\" data-end=\"304\" \/>Sakin ve kendinden emin bir \u015fekilde hareket edenler i\u00e7in yarat\u0131lan bu eser, g\u00fc\u00e7 ve odaklanman\u0131n uyum i\u00e7inde oldu\u011fu bir denge halini yans\u0131t\u0131yor.<\/p>","protected":false},"excerpt":{"rendered":"<p><strong data-start=\"215\" data-end=\"234\">Denim Sage Mode<\/strong> Y\u00fcksek fark\u0131ndal\u0131\u011f\u0131, i\u00e7sel uyumu ve do\u011fal g\u00fcc\u00fc temsil eder.<br data-start=\"301\" data-end=\"304\" \/>Sakin ve kendinden emin bir \u015fekilde hareket edenler i\u00e7in yarat\u0131lan bu eser, g\u00fc\u00e7 ve odaklanman\u0131n uyum i\u00e7inde oldu\u011fu bir denge halini yans\u0131t\u0131yor.<\/p>","protected":false},"featured_media":49663,"comment_status":"open","ping_status":"closed","template":"","meta":{"_monsterinsights_skip_tracking":false,"_monsterinsights_sitenote_active":false,"_monsterinsights_sitenote_note":"","_monsterinsights_sitenote_category":0},"product_brand":[],"product_cat":[270],"product_tag":[],"class_list":{"0":"post-49655","1":"product","2":"type-product","3":"status-publish","4":"has-post-thumbnail","6":"product_cat-sage-mode","7":"pa_size-2xl","8":"pa_size-3xl","9":"pa_size-4xl","10":"pa_size-l","11":"pa_size-m","12":"pa_size-s","13":"pa_size-xl","15":"first","16":"instock","17":"shipping-taxable","18":"purchasable","19":"product-type-variable"},"aioseo_notices":[],"_links":{"self":[{"href":"https:\/\/www.magmood.shop\/tr\/wp-json\/wp\/v2\/product\/49655","targetHints":{"allow":["GET"]}}],"collection":[{"href":"https:\/\/www.magmood.shop\/tr\/wp-json\/wp\/v2\/product"}],"about":[{"href":"https:\/\/www.magmood.shop\/tr\/wp-json\/wp\/v2\/types\/product"}],"replies":[{"embeddable":true,"href":"https:\/\/www.magmood.shop\/tr\/wp-json\/wp\/v2\/comments?post=49655"}],"wp:featuredmedia":[{"embeddable":true,"href":"https:\/\/www.magmood.shop\/tr\/wp-json\/wp\/v2\/media\/49663"}],"wp:attachment":[{"href":"https:\/\/www.magmood.shop\/tr\/wp-json\/wp\/v2\/media?parent=49655"}],"wp:term":[{"taxonomy":"product_brand","embeddable":true,"href":"https:\/\/www.magmood.shop\/tr\/wp-json\/wp\/v2\/product_brand?post=49655"},{"taxonomy":"product_cat","embeddable":true,"href":"https:\/\/www.magmood.shop\/tr\/wp-json\/wp\/v2\/product_cat?post=49655"},{"taxonomy":"product_tag","embeddable":true,"href":"https:\/\/www.magmood.shop\/tr\/wp-json\/wp\/v2\/product_tag?post=49655"}],"curies":[{"name":"wp","href":"https:\/\/api.w.org\/{rel}","templated":true}]}}