{"id":49669,"date":"2026-01-21T15:56:33","date_gmt":"2026-01-21T15:56:33","guid":{"rendered":"https:\/\/www.magmood.shop\/?post_type=product&#038;p=49669"},"modified":"2026-02-19T12:23:49","modified_gmt":"2026-02-19T12:23:49","slug":"denim-konoha","status":"publish","type":"product","link":"https:\/\/www.magmood.shop\/tr\/urun\/denim-konoha\/","title":{"rendered":"KONOHA Hoodie"},"content":{"rendered":"<p><strong data-start=\"262\" data-end=\"278\">Denim Konoha<\/strong> Birlik, miras ve aidiyet duygusunun g\u00fcc\u00fcnden ilham al\u0131nm\u0131\u015ft\u0131r.<br data-start=\"341\" data-end=\"344\" \/>Adanm\u0131\u015fl\u0131\u011f\u0131, geli\u015fimi ve topluluk duygusunu \u00f6nemseyenler i\u00e7in tasarlanan bu giysi, dayan\u0131kl\u0131l\u0131k ve ortak ama\u00e7 \u00fczerine kurulu bir k\u00fclt\u00fcr\u00fc yans\u0131t\u0131yor.<\/p>","protected":false},"excerpt":{"rendered":"<p>Denim Konoha is inspired by unity, heritage, and the strength of belonging.Designed for those who value loyalty, growth, and community, this piece reflects a culture built on resilience and shared purpose.<\/p>","protected":false},"featured_media":49677,"comment_status":"open","ping_status":"closed","template":"","meta":{"_monsterinsights_skip_tracking":false,"_monsterinsights_sitenote_active":false,"_monsterinsights_sitenote_note":"","_monsterinsights_sitenote_category":0},"product_brand":[],"product_cat":[269],"product_tag":[],"class_list":{"0":"post-49669","1":"product","2":"type-product","3":"status-publish","4":"has-post-thumbnail","6":"product_cat-konoha","7":"pa_size-2xl","8":"pa_size-3xl","9":"pa_size-4xl","10":"pa_size-l","11":"pa_size-m","12":"pa_size-s","13":"pa_size-xl","15":"first","16":"instock","17":"shipping-taxable","18":"purchasable","19":"product-type-variable","20":"has-default-attributes"},"aioseo_notices":[],"_links":{"self":[{"href":"https:\/\/www.magmood.shop\/tr\/wp-json\/wp\/v2\/product\/49669","targetHints":{"allow":["GET"]}}],"collection":[{"href":"https:\/\/www.magmood.shop\/tr\/wp-json\/wp\/v2\/product"}],"about":[{"href":"https:\/\/www.magmood.shop\/tr\/wp-json\/wp\/v2\/types\/product"}],"replies":[{"embeddable":true,"href":"https:\/\/www.magmood.shop\/tr\/wp-json\/wp\/v2\/comments?post=49669"}],"wp:featuredmedia":[{"embeddable":true,"href":"https:\/\/www.magmood.shop\/tr\/wp-json\/wp\/v2\/media\/49677"}],"wp:attachment":[{"href":"https:\/\/www.magmood.shop\/tr\/wp-json\/wp\/v2\/media?parent=49669"}],"wp:term":[{"taxonomy":"product_brand","embeddable":true,"href":"https:\/\/www.magmood.shop\/tr\/wp-json\/wp\/v2\/product_brand?post=49669"},{"taxonomy":"product_cat","embeddable":true,"href":"https:\/\/www.magmood.shop\/tr\/wp-json\/wp\/v2\/product_cat?post=49669"},{"taxonomy":"product_tag","embeddable":true,"href":"https:\/\/www.magmood.shop\/tr\/wp-json\/wp\/v2\/product_tag?post=49669"}],"curies":[{"name":"wp","href":"https:\/\/api.w.org\/{rel}","templated":true}]}}